{"id":14,"date":"2023-04-17T10:47:13","date_gmt":"2023-04-17T10:47:13","guid":{"rendered":"https:\/\/topwebempresarial.com\/?page_id=14"},"modified":"2023-04-23T13:59:59","modified_gmt":"2023-04-23T13:59:59","slug":"hosting","status":"publish","type":"page","link":"https:\/\/topwebempresarial.com\/?page_id=14","title":{"rendered":"Hosting"},"content":{"rendered":"\n<div class=\"wp-block-uagb-container uagb-block-114505c8 alignfull uagb-is-root-container\"><div class=\"uagb-container-inner-blocks-wrap\">\n<div class=\"wp-block-uagb-advanced-heading uagb-block-2bbe0acf\"><h2 class=\"uagb-heading-text\">\u00bfQU\u00c9 ES EL HOSTING?<\/h2><\/div>\n<\/div><\/div>\n\n\n\n<div class=\"wp-block-uagb-container uagb-block-d2481f53 alignfull uagb-is-root-container\"><div class=\"uagb-container-inner-blocks-wrap\">\n<p>El Hosting es un servicio que permite alojar un sitio web en internet y hacerlo accesible. Es un requisito esencial para tener un sitio web en funcionamiento, ya que permite guardar los archivos y la informaci\u00f3n de la pagina en un servidor que est\u00e1 conectado a internet las 24 horas del d\u00eda, los 7 d\u00edas de la semana.<\/p>\n\n\n\n<p>Adem\u00e1s, el hosting tambi\u00e9n puede afectar la&nbsp;<strong>velocidad y seguridad<\/strong>&nbsp;de un sitio web, por lo que es importante elegir un proveedor de hosting confiable y adecuado para las necesidades del sitio.<\/p>\n\n\n\n<div class=\"wp-block-uagb-advanced-heading uagb-block-2ed764d9\"><h2 class=\"uagb-heading-text\">Tipos de Hosting<\/h2><\/div>\n\n\n\n<p>Existen 4 tipos principales de hosting:<\/p>\n\n\n\n<ul>\n<li><strong>Hosting compartido<\/strong>: Es el tipo m\u00e1s econ\u00f3mico y adecuado para sitios web peque\u00f1os o blogs personales.<\/li>\n\n\n\n<li><strong>Hosting dedicado<\/strong>: Es adecuado para sitios web grandes con un alto tr\u00e1fico o que requieran un alto rendimiento.<\/li>\n\n\n\n<li>VPS (Virtual Private Server): Es un tipo de hosting que ofrece una mayor flexibilidad y control que el hosting compartido, pero normalmente a un precio m\u00e1s alto.<\/li>\n\n\n\n<li>Hosting en la nube (Cloud Hosting): Este tipo de hosting es adecuado para sitios web con fluctuaciones en el tr\u00e1fico, ya que los recursos pueden aumentarse o disminuirse seg\u00fan sea necesario.<\/li>\n<\/ul>\n<\/div><\/div>\n","protected":false},"excerpt":{"rendered":"","protected":false},"author":1,"featured_media":0,"parent":0,"menu_order":0,"comment_status":"closed","ping_status":"closed","template":"","meta":{"_uag_custom_page_level_css":"","_mi_skip_tracking":false,"site-sidebar-layout":"default","site-content-layout":"default","ast-global-header-display":"","ast-main-header-display":"","ast-hfb-above-header-display":"","ast-hfb-below-header-display":"","ast-hfb-mobile-header-display":"","site-post-title":"disabled","ast-breadcrumbs-content":"","ast-featured-img":"","footer-sml-layout":"","theme-transparent-header-meta":"","adv-header-id-meta":"","stick-header-meta":"","header-above-stick-meta":"","header-main-stick-meta":"","header-below-stick-meta":""},"uagb_featured_image_src":{"full":false,"thumbnail":false,"medium":false,"medium_large":false,"large":false,"1536x1536":false,"2048x2048":false},"uagb_author_info":{"display_name":"erik.tuweb@gmail.com","author_link":"https:\/\/topwebempresarial.com\/?author=1"},"uagb_comment_info":0,"uagb_excerpt":null,"_links":{"self":[{"href":"https:\/\/topwebempresarial.com\/index.php?rest_route=\/wp\/v2\/pages\/14"}],"collection":[{"href":"https:\/\/topwebempresarial.com\/index.php?rest_route=\/wp\/v2\/pages"}],"about":[{"href":"https:\/\/topwebempresarial.com\/index.php?rest_route=\/wp\/v2\/types\/page"}],"author":[{"embeddable":true,"href":"https:\/\/topwebempresarial.com\/index.php?rest_route=\/wp\/v2\/users\/1"}],"replies":[{"embeddable":true,"href":"https:\/\/topwebempresarial.com\/index.php?rest_route=%2Fwp%2Fv2%2Fcomments&post=14"}],"version-history":[{"count":8,"href":"https:\/\/topwebempresarial.com\/index.php?rest_route=\/wp\/v2\/pages\/14\/revisions"}],"predecessor-version":[{"id":276,"href":"https:\/\/topwebempresarial.com\/index.php?rest_route=\/wp\/v2\/pages\/14\/revisions\/276"}],"wp:attachment":[{"href":"https:\/\/topwebempresarial.com\/index.php?rest_route=%2Fwp%2Fv2%2Fmedia&parent=14"}],"curies":[{"name":"wp","href":"https:\/\/api.w.org\/{rel}","templated":true}]}}